{"id":2023,"date":"2024-10-15T16:12:42","date_gmt":"2024-10-15T14:12:42","guid":{"rendered":"https:\/\/offerte.bntbanca.it\/FBB6\/?page_id=2023"},"modified":"2024-10-16T16:30:44","modified_gmt":"2024-10-16T14:30:44","slug":"cookie-policy","status":"publish","type":"page","link":"https:\/\/offerte.bntbanca.it\/FBB6\/cookie-policy","title":{"rendered":"Cookie Policy"},"content":{"rendered":"\t\t<div data-elementor-type=\"wp-page\" data-elementor-id=\"2023\" class=\"elementor elementor-2023\">\n\t\t\t\t\t\t<section class=\"elementor-section elementor-top-section elementor-element elementor-element-59f36f1 elementor-section-stretched elementor-section-full_width elementor-section-content-bottom elementor-section-height-min-height elementor-section-items-top elementor-hidden-phone elementor-hidden-tablet elementor-section-height-default\" data-id=\"59f36f1\" data-element_type=\"section\" data-settings=\"{&quot;stretch_section&quot;:&quot;section-stretched&quot;,&quot;background_background&quot;:&quot;classic&quot;}\">\n\t\t\t\t\t\t<div class=\"elementor-container elementor-column-gap-no\">\n\t\t\t\t\t<div class=\"elementor-column elementor-col-100 elementor-top-column elementor-element elementor-element-67347ac\" data-id=\"67347ac\" data-element_type=\"column\">\n\t\t\t<div class=\"elementor-widget-wrap elementor-element-populated\">\n\t\t\t\t\t\t<section class=\"elementor-section elementor-inner-section elementor-element elementor-element-65d0b1b elementor-section-content-space-between elementor-section-boxed elementor-section-height-default elementor-section-height-default\" data-id=\"65d0b1b\" data-element_type=\"section\">\n\t\t\t\t\t\t<div class=\"elementor-container elementor-column-gap-no\">\n\t\t\t\t\t<div class=\"elementor-column elementor-col-50 elementor-inner-column elementor-element elementor-element-9b9d2ce\" data-id=\"9b9d2ce\" data-element_type=\"column\">\n\t\t\t<div class=\"elementor-widget-wrap\">\n\t\t\t\t\t\t\t<\/div>\n\t\t<\/div>\n\t\t\t\t<div class=\"elementor-column elementor-col-50 elementor-inner-column elementor-element elementor-element-898ce51\" data-id=\"898ce51\" data-element_type=\"column\">\n\t\t\t<div class=\"elementor-widget-wrap elementor-element-populated\">\n\t\t\t\t\t\t<div class=\"elementor-element elementor-element-ff48f1d elementor-widget elementor-widget-text-editor\" data-id=\"ff48f1d\" data-element_type=\"widget\" data-widget_type=\"text-editor.default\">\n\t\t\t\t<div class=\"elementor-widget-container\">\n\t\t\t\t\t\t\t\t\t\t\t\t\t<\/div>\n\t\t\t\t<\/div>\n\t\t\t\t<div class=\"elementor-element elementor-element-311836e elementor-widget elementor-widget-text-editor\" data-id=\"311836e\" data-element_type=\"widget\" data-widget_type=\"text-editor.default\">\n\t\t\t\t<div class=\"elementor-widget-container\">\n\t\t\t\t\t\t\t\t\t\t\t\t\t<\/div>\n\t\t\t\t<\/div>\n\t\t\t\t\t<\/div>\n\t\t<\/div>\n\t\t\t\t\t<\/div>\n\t\t<\/section>\n\t\t\t\t\t<\/div>\n\t\t<\/div>\n\t\t\t\t\t<\/div>\n\t\t<\/section>\n\t\t\t\t<section class=\"elementor-section elementor-top-section elementor-element elementor-element-d451ffa elementor-section-stretched elementor-hidden-phone elementor-section-boxed elementor-section-height-default elementor-section-height-default\" data-id=\"d451ffa\" data-element_type=\"section\" data-settings=\"{&quot;stretch_section&quot;:&quot;section-stretched&quot;,&quot;background_background&quot;:&quot;classic&quot;}\">\n\t\t\t\t\t\t<div class=\"elementor-container elementor-column-gap-no\">\n\t\t\t\t\t<div class=\"elementor-column elementor-col-100 elementor-top-column elementor-element elementor-element-90b9831\" data-id=\"90b9831\" data-element_type=\"column\">\n\t\t\t<div class=\"elementor-widget-wrap elementor-element-populated\">\n\t\t\t\t\t\t<div class=\"elementor-element elementor-element-295b2d7 elementor-widget elementor-widget-text-editor\" data-id=\"295b2d7\" data-element_type=\"widget\" data-widget_type=\"text-editor.default\">\n\t\t\t\t<div class=\"elementor-widget-container\">\n\t\t\t\t\t\t\t<a class=\"iubenda-nostyle no-brand iubenda-noiframe iubenda-embed iubenda-noiframe iub-body-embed\" style=\"color: #fff !important;\" title=\"Cookie Policy\" href=\"https:\/\/www.iubenda.com\/privacy-policy\/83288608\/cookie-policy\">Cookie Policy<\/a><script type=\"text\/javascript\">(function (w,d) {var loader = function () {var s = d.createElement(\"script\"), tag = d.getElementsByTagName(\"script\")[0]; s.src=\"https:\/\/cdn.iubenda.com\/iubenda.js\"; tag.parentNode.insertBefore(s,tag);}; if(w.addEventListener){w.addEventListener(\"load\", loader, false);}else if(w.attachEvent){w.attachEvent(\"onload\", loader);}else{w.onload = loader;}})(window, document);<\/script>\t\t\t\t\t\t<\/div>\n\t\t\t\t<\/div>\n\t\t\t\t<div class=\"elementor-element elementor-element-737f562 elementor-widget elementor-widget-text-editor\" data-id=\"737f562\" data-element_type=\"widget\" data-widget_type=\"text-editor.default\">\n\t\t\t\t<div class=\"elementor-widget-container\">\n\t\t\t\t\t\t\t<h3 class=\"h3diriti\">Diritti dell\u2019Utente sulla base del Regolamento Generale sulla Protezione dei Dati (GDPR)<\/h3><p><b><\/b>Gli Utenti possono esercitare determinati diritti con riferimento ai Dati trattati dal Titolare.<\/p><p>In particolare, nei limiti previsti dalla legge, l\u2019Utente ha il diritto di:<\/p><ul><li><strong>revocare il consenso in ogni momento.<\/strong> L\u2019Utente pu\u00f2 revocare il consenso al trattamento dei propri Dati Personali precedentemente espresso.<\/li><li><strong>opporsi al trattamento dei propri Dati.<\/strong> L\u2019Utente pu\u00f2 opporsi al trattamento dei propri Dati quando esso avviene in virt\u00f9 di una base giuridica diversa dal consenso.<\/li><li><strong>accedere ai propri Dati.<\/strong> L\u2019Utente ha diritto ad ottenere informazioni sui Dati trattati dal Titolare, su determinati aspetti del trattamento ed a ricevere una copia dei Dati trattati.<\/li><li><strong>verificare e chiedere la rettificazione.<\/strong> L\u2019Utente pu\u00f2 verificare la correttezza dei propri Dati e richiederne l\u2019aggiornamento o la correzione.<\/li><li><strong>ottenere la limitazione del trattamento.<\/strong> L\u2019Utente pu\u00f2 richiedere la limitazione del trattamento dei propri Dati. In tal caso il Titolare non tratter\u00e0 i Dati per alcun altro scopo se non la loro conservazione.<\/li><li><strong>ottenere la cancellazione o rimozione dei propri Dati Personali.<\/strong> L\u2019Utente pu\u00f2 richiedere la cancellazione dei propri Dati da parte del Titolare.<\/li><li><strong>ricevere i propri Dati o farli trasferire ad altro titolare.<\/strong> L\u2019Utente ha diritto di ricevere i propri Dati in formato strutturato, di uso comune e leggibile da dispositivo automatico e, ove tecnicamente fattibile, di ottenerne il trasferimento senza ostacoli ad un altro titolare.<\/li><li><strong>proporre reclamo.<\/strong> L\u2019Utente pu\u00f2 proporre un reclamo all\u2019autorit\u00e0 di controllo della protezione dei dati personali competente o agire in sede giudiziale.<\/li><\/ul><p>Gli Utenti hanno diritto di ottenere informazioni in merito alla base giuridica per il trasferimento di Dati all\u2019estero incluso verso qualsiasi organizzazione internazionale regolata dal diritto internazionale o costituita da due o pi\u00f9 paesi, come ad esempio l\u2019ONU, nonch\u00e9 in merito alle misure di sicurezza adottate dal Titolare per proteggere i loro Dati.<\/p><h4 class=\"h4diritto\">Dettagli sul diritto di opposizione<\/h4><p>Quando i Dati Personali sono trattati nell\u2019interesse pubblico, nell\u2019esercizio di pubblici poteri di cui \u00e8 investito il Titolare oppure per perseguire un interesse legittimo del Titolare, gli Utenti hanno diritto ad opporsi al trattamento per motivi connessi alla loro situazione particolare.<br \/>Si fa presente agli Utenti che, ove i loro Dati fossero trattati con finalit\u00e0 di marketing diretto, possono opporsi al trattamento in qualsiasi momento, gratuitamente e senza fornire alcuna motivazione. Qualora gli Utenti si oppongano al trattamento per finalit\u00e0 di marketing diretto, i Dati Personali non sono pi\u00f9 oggetto di trattamento per tali finalit\u00e0. Per scoprire se il Titolare tratti Dati con finalit\u00e0 di marketing diretto gli Utenti possono fare riferimento alle rispettive sezioni di questo documento.<\/p><h4 class=\"h4diritto\">Come esercitare i diritti<\/h4><p>Eventuali richieste di esercizio dei diritti dell\u2019Utente possono essere indirizzate al Titolare attraverso i recapiti forniti in questo documento. La richiesta \u00e8 gratuita e il Titolare risponder\u00e0 nel pi\u00f9 breve tempo possibile, in ogni caso entro un mese, fornendo all\u2019Utente tutte le informazioni previste dalla legge. Eventuali rettifiche, cancellazioni o limitazioni del trattamento saranno comunicate dal Titolare a ciascuno dei destinatari, se esistenti, a cui sono stati trasmessi i Dati Personali, salvo che ci\u00f2 si riveli impossibile o implichi uno sforzo sproporzionato. Il Titolare comunica all\u2019Utente tali destinatari qualora egli lo richieda.<br \/><br \/><br \/><br \/><\/p>\t\t\t\t\t\t<\/div>\n\t\t\t\t<\/div>\n\t\t\t\t\t<\/div>\n\t\t<\/div>\n\t\t\t\t\t<\/div>\n\t\t<\/section>\n\t\t\t\t<\/div>\n\t\t","protected":false},"excerpt":{"rendered":"<p>Cookie Policy Diritti dell\u2019Utente sulla base del Regolamento Generale sulla Protezione dei Dati (GDPR) Gli Utenti possono esercitare determinati diritti con riferimento ai Dati trattati dal Titolare. In particolare, nei limiti previsti dalla legge, l\u2019Utente ha il diritto di: revocare il consenso in ogni momento. L\u2019Utente pu\u00f2 revocare il consenso al trattamento dei propri Dati [&hellip;]<\/p>\n","protected":false},"author":2,"featured_media":0,"parent":0,"menu_order":0,"comment_status":"closed","ping_status":"closed","template":"","meta":{"footnotes":""},"_links":{"self":[{"href":"https:\/\/offerte.bntbanca.it\/FBB6\/wp-json\/wp\/v2\/pages\/2023"}],"collection":[{"href":"https:\/\/offerte.bntbanca.it\/FBB6\/wp-json\/wp\/v2\/pages"}],"about":[{"href":"https:\/\/offerte.bntbanca.it\/FBB6\/wp-json\/wp\/v2\/types\/page"}],"author":[{"embeddable":true,"href":"https:\/\/offerte.bntbanca.it\/FBB6\/wp-json\/wp\/v2\/users\/2"}],"replies":[{"embeddable":true,"href":"https:\/\/offerte.bntbanca.it\/FBB6\/wp-json\/wp\/v2\/comments?post=2023"}],"version-history":[{"count":37,"href":"https:\/\/offerte.bntbanca.it\/FBB6\/wp-json\/wp\/v2\/pages\/2023\/revisions"}],"predecessor-version":[{"id":2066,"href":"https:\/\/offerte.bntbanca.it\/FBB6\/wp-json\/wp\/v2\/pages\/2023\/revisions\/2066"}],"wp:attachment":[{"href":"https:\/\/offerte.bntbanca.it\/FBB6\/wp-json\/wp\/v2\/media?parent=2023"}],"curies":[{"name":"wp","href":"https:\/\/api.w.org\/{rel}","templated":true}]}}